{"id":14,"date":"2024-07-03T16:49:48","date_gmt":"2024-07-03T16:49:48","guid":{"rendered":"https:\/\/bearsbags.com\/?page_id=14"},"modified":"2024-07-04T19:05:16","modified_gmt":"2024-07-04T19:05:16","slug":"refund_returns","status":"publish","type":"page","link":"https:\/\/bearsbags.com\/fr\/refund_returns\/","title":{"rendered":"Politique de retour et de remboursement"},"content":{"rendered":"<h1 class=\"wp-block-heading\"><\/h1>\n\n\n\n<h2 class=\"wp-block-heading\">Retour<\/h2>\n\n\n\n<p>Si vous souhaitez retourner un article achet\u00e9 chez Bear Bags, vous avez 30 jours \u00e0 partir de la date de r\u00e9ception pour le faire. Les articles doivent \u00eatre en parfait \u00e9tat avec toutes les \u00e9tiquettes attach\u00e9es. Tous les retours doivent \u00eatre effectu\u00e9s dans les 30 jours suivant la r\u00e9ception de votre commande.<\/p>\n\n\n\n<h2 class=\"wp-block-heading\">Articles Endommag\u00e9s<\/h2>\n\n\n\n<p class=\" translation-block\">Si votre article est d\u00e9fectueux, veuillez nous contacter d\u00e8s que possible \u00e0 <a href=\"mailto:info@bearsbags.com\" target=\"_self\"><mark class=\"has-inline-color has-pale-cyan-blue-color\">info@bearsbags.com<\/mark><\/a> avec une br\u00e8ve description du probl\u00e8me et des photos des d\u00e9fauts de votre produit. Nous r\u00e9pondrons dans les 2 jours et proc\u00e9derons au remboursement imm\u00e9diatement apr\u00e8s avoir v\u00e9rifi\u00e9 le d\u00e9faut. Les r\u00e9clamations doivent \u00eatre faites dans les 30 jours suivant la r\u00e9ception de votre commande.<\/p>\n\n\n\n<h2 class=\"wp-block-heading\">\u00c9changes<\/h2>\n\n\n\n<p>Si vous le souhaitez, vous pouvez \u00e9changer votre sac d\u00e9fectueux contre un autre. Nous couvrirons les frais de livraison pour le nouveau sac ainsi que pour le retour du sac d\u00e9fectueux. Le nouveau sac sera exp\u00e9di\u00e9 dans les deux jours suivant l'acceptation de votre demande.<\/p>\n\n\n\n<h2 class=\"wp-block-heading\">Autres Raisons de Retour<\/h2>\n\n\n\n<p class=\" translation-block\">Pour les retours pour des raisons autres que des d\u00e9fauts, vous avez 30 jours apr\u00e8s la r\u00e9ception de votre commande pour initier le retour. Contactez-nous \u00e0 <a href=\"mailto:info@bearsbags.com\" target=\"_self\"><mark class=\"has-inline-color has-pale-cyan-blue-color\">info@bearsbags.com<\/mark><\/a> avec votre num\u00e9ro de commande. Veuillez noter que le client est responsable des frais de retour. Nous r\u00e9pondrons \u00e0 votre demande dans les 2 jours ouvrables, et l'\u00e9tiquette de retour sera envoy\u00e9e le lendemain.<\/p>\n\n\n\n<p class=\" translation-block\"><strong><mark class=\"has-inline-color has-luminous-vivid-orange-color\">Adresse de Retour :<\/mark><\/strong><br>41, Pra-Maillet<br>\n1627, Fribourg, District de Gruy\u00e8re, Vaulruz<br>\nSuisse, CH (CHE)<\/p>\n\n\n\n<p><br><\/p>\n\n\n\n<h2 class=\"wp-block-heading\">Remboursement<\/h2>\n\n\n\n<p>Les remboursements sont trait\u00e9s dans les deux jours ouvrables suivant la r\u00e9ception de votre colis. Vous recevrez un email de confirmation de remboursement une fois le processus de retour termin\u00e9. Le remboursement sera cr\u00e9dit\u00e9 sur votre compte en utilisant le mode de paiement d'origine, apparaissant sur votre prochain relev\u00e9. Tous les retours doivent \u00eatre effectu\u00e9s dans les 30 jours suivant la r\u00e9ception de votre commande.<\/p>\n\n\n\n<h2 class=\"wp-block-heading\">Remboursements Tardifs ou Manquants<\/h2>\n\n\n\n<p class=\" translation-block\">Si vous n'avez pas encore re\u00e7u de remboursement, v\u00e9rifiez d'abord \u00e0 nouveau votre compte de carte de cr\u00e9dit ou PayPal. Contactez ensuite votre soci\u00e9t\u00e9 de carte de cr\u00e9dit ou PayPal, car il peut falloir un certain temps pour que le remboursement soit officiellement enregistr\u00e9. Si vous n'avez toujours pas re\u00e7u votre remboursement 14 jours apr\u00e8s notre email de confirmation, veuillez nous contacter \u00e0 <a href=\"mailto:info@bearsbags.com\" target=\"_self\"><mark class=\"has-inline-color has-pale-cyan-blue-color\">info@bearsbags.com<\/mark><\/a>, et nous r\u00e9pondrons dans les deux jours ouvrables.<\/p>\n\n\n\n<h2 class=\"wp-block-heading\">Commandes Perdues<\/h2>\n\n\n\n<p class=\" translation-block\">Si votre num\u00e9ro de suivi indique que votre commande a \u00e9t\u00e9 livr\u00e9e \u00e0 votre adresse de livraison mais que vous ne l'avez pas re\u00e7ue, veuillez contacter la soci\u00e9t\u00e9 de transport. Nous ne sommes pas responsables de la soci\u00e9t\u00e9 de transport. Si votre commande n'est jamais livr\u00e9e, contactez-nous \u00e0 <a href=\"mailto:info@bearsbags.com\" target=\"_self\"><mark class=\"has-inline-color has-pale-cyan-blue-color\">info@bearsbags.com<\/mark><\/a> avec votre num\u00e9ro de commande et votre num\u00e9ro de suivi. Nous proc\u00e9derons \u00e0 un remboursement ou exp\u00e9dierons un autre article dans les 2 jours suivant votre demande.<\/p>\n\n\n\n<h2 class=\"wp-block-heading\">Pour plus d'informations<\/h2>\n\n\n\n<p class=\" translation-block\">Pour plus de d\u00e9tails sur notre politique de retour ou de remboursement ou pour toute autre question, veuillez nous contacter \u00e0 <a href=\"mailto:info@bearsbags.com\" target=\"_self\"><mark class=\"has-inline-color has-pale-cyan-blue-color\">info@bearsbags.com<\/mark><\/a>, et nous vous r\u00e9pondrons dans les deux jours ouvrables.<\/p>","protected":false},"excerpt":{"rendered":"<p>Return Time If you wish to return an item purchased from Bears Bags, you have 30 days from the date of receipt to do so. Items must be in perfect condition with all labels attached. All returns must be made within 30 days of receiving your order. Damaged Items If your item is defective, please contact us as soon as possible at info@bearsbags.com with a brief description of the problem and pictures of the defects on your product. We will respond within 2 days and issue a refund immediately upon verifying the defect. Claims must be made within 30 days of receiving your order. Exchanges If you prefer, you can exchange your defective bag for another one. We will cover the shipping costs for both the new bag and the return of the faulty one. The new bag will be shipped within two days after your request is accepted. Other Return Reasons For returns due to reasons other than defects, you have 30 days after receiving your order to initiate the return. Contact us at info@bearsbags.com with your order number. Please note that the customer is responsible for the return shipping costs. We will respond to your request within 2 business days, and the return label will be sent the next day. Return Address:41, Pra-Maillet1627, Fribourg, Gruy\u00e8re District, VaulruzSwitzerland, CH (CHE) Refund Refunds are processed within two business days after we receive your package. You will receive a refund confirmation email once the return process is completed. The refund will be credited back to your account using the original payment method, appearing on your next statement. All returns must be made within 30 days of receiving your order. Late or Missing Refunds If you haven&#8217;t received a refund yet, first check your credit card or PayPal account again. Then contact your credit card company or PayPal, as it may take some time for the refund to be officially posted. If you still haven&#8217;t received your refund 14 days after our confirmation email, please contact us at info@bearsbags.com, and we will respond within two business days. Lost Orders If your tracking number indicates that your order has been delivered to your shipping address but you haven&#8217;t received it, please contact the shipping company. We are not responsible for the shipping company. If your order is never delivered, contact us at info@bearsbags.com with your order number and tracking number. We will issue a refund or ship another item within 2 days of your request. For More Information For more details about our return or refund policy or for any other questions, please contact us at info@bearsbags.com, and we will get back to you within two business days.<\/p>","protected":false},"author":1,"featured_media":0,"parent":0,"menu_order":0,"comment_status":"closed","ping_status":"closed","template":"","meta":{"footnotes":""},"class_list":["post-14","page","type-page","status-publish","hentry","post-no-thumbnail"],"yoast_head":"<!-- This site is optimized with the Yoast SEO plugin v26.4 - https:\/\/yoast.com\/wordpress\/plugins\/seo\/ -->\n<title>Refund and Returns Policy - BearBags<\/title>\n<meta name=\"robots\" content=\"index, follow, max-snippet:-1, max-image-preview:large, max-video-preview:-1\" \/>\n<link rel=\"canonical\" href=\"https:\/\/bearsbags.com\/fr\/refund_returns\/\" \/>\n<meta property=\"og:locale\" content=\"fr_FR\" \/>\n<meta property=\"og:type\" content=\"article\" \/>\n<meta property=\"og:title\" content=\"Refund and Returns Policy - BearBags\" \/>\n<meta property=\"og:description\" content=\"Return Time If you wish to return an item purchased from Bears Bags, you have 30 days from the date of receipt to do so. Items must be in perfect condition with all labels attached. All returns must be made within 30 days of receiving your order. Damaged Items If your item is defective, please contact us as soon as possible at info@bearsbags.com with a brief description of the problem and pictures of the defects on your product. We will respond within 2 days and issue a refund immediately upon verifying the defect. Claims must be made within 30 days of receiving your order. Exchanges If you prefer, you can exchange your defective bag for another one. We will cover the shipping costs for both the new bag and the return of the faulty one. The new bag will be shipped within two days after your request is accepted. Other Return Reasons For returns due to reasons other than defects, you have 30 days after receiving your order to initiate the return. Contact us at info@bearsbags.com with your order number. Please note that the customer is responsible for the return shipping costs. We will respond to your request within 2 business days, and the return label will be sent the next day. Return Address:41, Pra-Maillet1627, Fribourg, Gruy\u00e8re District, VaulruzSwitzerland, CH (CHE) Refund Refunds are processed within two business days after we receive your package. You will receive a refund confirmation email once the return process is completed. The refund will be credited back to your account using the original payment method, appearing on your next statement. All returns must be made within 30 days of receiving your order. Late or Missing Refunds If you haven&#8217;t received a refund yet, first check your credit card or PayPal account again. Then contact your credit card company or PayPal, as it may take some time for the refund to be officially posted. If you still haven&#8217;t received your refund 14 days after our confirmation email, please contact us at info@bearsbags.com, and we will respond within two business days. Lost Orders If your tracking number indicates that your order has been delivered to your shipping address but you haven&#8217;t received it, please contact the shipping company. We are not responsible for the shipping company. If your order is never delivered, contact us at info@bearsbags.com with your order number and tracking number. We will issue a refund or ship another item within 2 days of your request. For More Information For more details about our return or refund policy or for any other questions, please contact us at info@bearsbags.com, and we will get back to you within two business days.\" \/>\n<meta property=\"og:url\" content=\"https:\/\/bearsbags.com\/fr\/refund_returns\/\" \/>\n<meta property=\"og:site_name\" content=\"BearBags\" \/>\n<meta property=\"article:modified_time\" content=\"2024-07-04T19:05:16+00:00\" \/>\n<meta name=\"twitter:card\" content=\"summary_large_image\" \/>\n<meta name=\"twitter:label1\" content=\"Dur\u00e9e de lecture estim\u00e9e\" \/>\n\t<meta name=\"twitter:data1\" content=\"2 minutes\" \/>\n<script type=\"application\/ld+json\" class=\"yoast-schema-graph\">{\"@context\":\"https:\/\/schema.org\",\"@graph\":[{\"@type\":\"WebPage\",\"@id\":\"https:\/\/bearsbags.com\/refund_returns\/\",\"url\":\"https:\/\/bearsbags.com\/refund_returns\/\",\"name\":\"Refund and Returns Policy - BearBags\",\"isPartOf\":{\"@id\":\"https:\/\/bearsbags.com\/#website\"},\"datePublished\":\"2024-07-03T16:49:48+00:00\",\"dateModified\":\"2024-07-04T19:05:16+00:00\",\"breadcrumb\":{\"@id\":\"https:\/\/bearsbags.com\/refund_returns\/#breadcrumb\"},\"inLanguage\":\"fr-FR\",\"potentialAction\":[{\"@type\":\"ReadAction\",\"target\":[\"https:\/\/bearsbags.com\/refund_returns\/\"]}]},{\"@type\":\"BreadcrumbList\",\"@id\":\"https:\/\/bearsbags.com\/refund_returns\/#breadcrumb\",\"itemListElement\":[{\"@type\":\"ListItem\",\"position\":1,\"name\":\"Home\",\"item\":\"https:\/\/bearsbags.com\/\"},{\"@type\":\"ListItem\",\"position\":2,\"name\":\"Refund and Returns Policy\"}]},{\"@type\":\"WebSite\",\"@id\":\"https:\/\/bearsbags.com\/#website\",\"url\":\"https:\/\/bearsbags.com\/\",\"name\":\"BearBags\",\"description\":\"Travel Backpacks |  Work Bags | Bearbags\",\"potentialAction\":[{\"@type\":\"SearchAction\",\"target\":{\"@type\":\"EntryPoint\",\"urlTemplate\":\"https:\/\/bearsbags.com\/?s={search_term_string}\"},\"query-input\":{\"@type\":\"PropertyValueSpecification\",\"valueRequired\":true,\"valueName\":\"search_term_string\"}}],\"inLanguage\":\"fr-FR\"}]}<\/script>\n<!-- \/ Yoast SEO plugin. -->","yoast_head_json":{"title":"Refund and Returns Policy - BearBags","robots":{"index":"index","follow":"follow","max-snippet":"max-snippet:-1","max-image-preview":"max-image-preview:large","max-video-preview":"max-video-preview:-1"},"canonical":"https:\/\/bearsbags.com\/fr\/refund_returns\/","og_locale":"fr_FR","og_type":"article","og_title":"Refund and Returns Policy - BearBags","og_description":"Return Time If you wish to return an item purchased from Bears Bags, you have 30 days from the date of receipt to do so. Items must be in perfect condition with all labels attached. All returns must be made within 30 days of receiving your order. Damaged Items If your item is defective, please contact us as soon as possible at info@bearsbags.com with a brief description of the problem and pictures of the defects on your product. We will respond within 2 days and issue a refund immediately upon verifying the defect. Claims must be made within 30 days of receiving your order. Exchanges If you prefer, you can exchange your defective bag for another one. We will cover the shipping costs for both the new bag and the return of the faulty one. The new bag will be shipped within two days after your request is accepted. Other Return Reasons For returns due to reasons other than defects, you have 30 days after receiving your order to initiate the return. Contact us at info@bearsbags.com with your order number. Please note that the customer is responsible for the return shipping costs. We will respond to your request within 2 business days, and the return label will be sent the next day. Return Address:41, Pra-Maillet1627, Fribourg, Gruy\u00e8re District, VaulruzSwitzerland, CH (CHE) Refund Refunds are processed within two business days after we receive your package. You will receive a refund confirmation email once the return process is completed. The refund will be credited back to your account using the original payment method, appearing on your next statement. All returns must be made within 30 days of receiving your order. Late or Missing Refunds If you haven&#8217;t received a refund yet, first check your credit card or PayPal account again. Then contact your credit card company or PayPal, as it may take some time for the refund to be officially posted. If you still haven&#8217;t received your refund 14 days after our confirmation email, please contact us at info@bearsbags.com, and we will respond within two business days. Lost Orders If your tracking number indicates that your order has been delivered to your shipping address but you haven&#8217;t received it, please contact the shipping company. We are not responsible for the shipping company. If your order is never delivered, contact us at info@bearsbags.com with your order number and tracking number. We will issue a refund or ship another item within 2 days of your request. For More Information For more details about our return or refund policy or for any other questions, please contact us at info@bearsbags.com, and we will get back to you within two business days.","og_url":"https:\/\/bearsbags.com\/fr\/refund_returns\/","og_site_name":"BearBags","article_modified_time":"2024-07-04T19:05:16+00:00","twitter_card":"summary_large_image","twitter_misc":{"Dur\u00e9e de lecture estim\u00e9e":"2 minutes"},"schema":{"@context":"https:\/\/schema.org","@graph":[{"@type":"WebPage","@id":"https:\/\/bearsbags.com\/refund_returns\/","url":"https:\/\/bearsbags.com\/refund_returns\/","name":"Refund and Returns Policy - BearBags","isPartOf":{"@id":"https:\/\/bearsbags.com\/#website"},"datePublished":"2024-07-03T16:49:48+00:00","dateModified":"2024-07-04T19:05:16+00:00","breadcrumb":{"@id":"https:\/\/bearsbags.com\/refund_returns\/#breadcrumb"},"inLanguage":"fr-FR","potentialAction":[{"@type":"ReadAction","target":["https:\/\/bearsbags.com\/refund_returns\/"]}]},{"@type":"BreadcrumbList","@id":"https:\/\/bearsbags.com\/refund_returns\/#breadcrumb","itemListElement":[{"@type":"ListItem","position":1,"name":"Home","item":"https:\/\/bearsbags.com\/"},{"@type":"ListItem","position":2,"name":"Refund and Returns Policy"}]},{"@type":"WebSite","@id":"https:\/\/bearsbags.com\/#website","url":"https:\/\/bearsbags.com\/","name":"BearBags","description":"Travel Backpacks |  Work Bags | Bearbags","potentialAction":[{"@type":"SearchAction","target":{"@type":"EntryPoint","urlTemplate":"https:\/\/bearsbags.com\/?s={search_term_string}"},"query-input":{"@type":"PropertyValueSpecification","valueRequired":true,"valueName":"search_term_string"}}],"inLanguage":"fr-FR"}]}},"_links":{"self":[{"href":"https:\/\/bearsbags.com\/fr\/wp-json\/wp\/v2\/pages\/14","targetHints":{"allow":["GET"]}}],"collection":[{"href":"https:\/\/bearsbags.com\/fr\/wp-json\/wp\/v2\/pages"}],"about":[{"href":"https:\/\/bearsbags.com\/fr\/wp-json\/wp\/v2\/types\/page"}],"author":[{"embeddable":true,"href":"https:\/\/bearsbags.com\/fr\/wp-json\/wp\/v2\/users\/1"}],"replies":[{"embeddable":true,"href":"https:\/\/bearsbags.com\/fr\/wp-json\/wp\/v2\/comments?post=14"}],"version-history":[{"count":4,"href":"https:\/\/bearsbags.com\/fr\/wp-json\/wp\/v2\/pages\/14\/revisions"}],"predecessor-version":[{"id":21528,"href":"https:\/\/bearsbags.com\/fr\/wp-json\/wp\/v2\/pages\/14\/revisions\/21528"}],"wp:attachment":[{"href":"https:\/\/bearsbags.com\/fr\/wp-json\/wp\/v2\/media?parent=14"}],"curies":[{"name":"wp","href":"https:\/\/api.w.org\/{rel}","templated":true}]}}