{"id":21470,"date":"2024-07-03T15:15:28","date_gmt":"2024-07-03T15:15:28","guid":{"rendered":"https:\/\/bearsbags.com\/?page_id=21470"},"modified":"2024-08-19T23:42:10","modified_gmt":"2024-08-19T23:42:10","slug":"shipping-policy","status":"publish","type":"page","link":"https:\/\/bearsbags.com\/fr\/shipping-policy\/","title":{"rendered":"Politique de livraison"},"content":{"rendered":"<p class=\" translation-block\"><strong>COMBIEN DE TEMPS FERA-T-IL POUR RECEVOIR MA COMMANDE ?<\/strong><br><br><strong>COMMANDES AUX \u00c9TATS-UNIS<\/strong><br><br>Pour les commandes en provenance des \u00c9tats-Unis, le d\u00e9lai de livraison moyen est de 5 \u00e0 10 jours ouvrables, selon le produit command\u00e9 et votre emplacement. Pour plus d'informations, veuillez nous contacter \u00e0 <mark class=\"has-inline-color has-pale-cyan-blue-color\">info@bearsbags.com<\/mark>.<br><br><strong>COMMANDES INTERNATIONALES<\/strong><br><br>Pour les commandes internationales, le d\u00e9lai de livraison est de 5 \u00e0 20 jours ouvrables. Veuillez faire preuve de patience, car la livraison des commandes internationales prendra in\u00e9vitablement plus de temps. Veuillez attendre 15 jours ouvrables avant de contacter le service client \u00e0 <mark class=\"has-inline-color has-pale-cyan-blue-color\">info@bearsbags.com<\/mark>.<\/p>\n\n\n\n<p><strong>EXP\u00c9DI\u00c9 DE<\/strong><\/p>\n\n\n\n<p class=\" translation-block\">Veuillez noter qu'une grande partie de nos commandes est exp\u00e9di\u00e9e depuis notre entrep\u00f4t en Chine, tandis qu'une minorit\u00e9 de produits est exp\u00e9di\u00e9e depuis les \u00c9tats-Unis uniquement pour les clients am\u00e9ricains. Pour plus d'informations, veuillez nous contacter par email \u00e0 <mark class=\"has-inline-color has-pale-cyan-blue-color\">info@bearsbags.com<\/mark> et nous vous r\u00e9pondrons dans un d\u00e9lai de 2 jours ouvrables.<\/p>","protected":false},"excerpt":{"rendered":"<p>HOW LONG WILL IT TAKE TO RECEIVE MY ORDER? U.S. ORDERS For orders from the United States, the average delivery time is 5 to 10 business days. Depending on the product ordered and your location.\u00a0For more information please contact us at\u00a0info@bearsbags.com. INTERNATIONAL ORDERS For international orders, the delivery time is 5 to 20 working days. Please be patient with international orders, as their delivery will inevitably take longer. Please allow 15 business days before contacting customer service:\u00a0info@bearsbags.com. SHIPPED FROM Please note that a large portion of our orders are shipped from our warehouse in China and a minority of products are shipped from the United States only for US customers. For more information please contact us by email at\u00a0info@bearsbags.com\u00a0and we will get back to you within 2 business days.<\/p>","protected":false},"author":2,"featured_media":0,"parent":0,"menu_order":0,"comment_status":"closed","ping_status":"closed","template":"","meta":{"footnotes":""},"class_list":["post-21470","page","type-page","status-publish","hentry","post-no-thumbnail"],"yoast_head":"<!-- This site is optimized with the Yoast SEO plugin v26.4 - https:\/\/yoast.com\/wordpress\/plugins\/seo\/ -->\n<title>Shipping Policy - BearBags<\/title>\n<meta name=\"robots\" content=\"index, follow, max-snippet:-1, max-image-preview:large, max-video-preview:-1\" \/>\n<link rel=\"canonical\" href=\"https:\/\/bearsbags.com\/fr\/shipping-policy\/\" \/>\n<meta property=\"og:locale\" content=\"fr_FR\" \/>\n<meta property=\"og:type\" content=\"article\" \/>\n<meta property=\"og:title\" content=\"Shipping Policy - BearBags\" \/>\n<meta property=\"og:description\" content=\"HOW LONG WILL IT TAKE TO RECEIVE MY ORDER? U.S. ORDERS For orders from the United States, the average delivery time is 5 to 10 business days. Depending on the product ordered and your location.\u00a0For more information please contact us at\u00a0info@bearsbags.com. INTERNATIONAL ORDERS For international orders, the delivery time is 5 to 20 working days. Please be patient with international orders, as their delivery will inevitably take longer. Please allow 15 business days before contacting customer service:\u00a0info@bearsbags.com. SHIPPED FROM Please note that a large portion of our orders are shipped from our warehouse in China and a minority of products are shipped from the United States only for US customers. For more information please contact us by email at\u00a0info@bearsbags.com\u00a0and we will get back to you within 2 business days.\" \/>\n<meta property=\"og:url\" content=\"https:\/\/bearsbags.com\/fr\/shipping-policy\/\" \/>\n<meta property=\"og:site_name\" content=\"BearBags\" \/>\n<meta property=\"article:modified_time\" content=\"2024-08-19T23:42:10+00:00\" \/>\n<meta name=\"twitter:card\" content=\"summary_large_image\" \/>\n<meta name=\"twitter:label1\" content=\"Dur\u00e9e de lecture estim\u00e9e\" \/>\n\t<meta name=\"twitter:data1\" content=\"1 minute\" \/>\n<script type=\"application\/ld+json\" class=\"yoast-schema-graph\">{\"@context\":\"https:\/\/schema.org\",\"@graph\":[{\"@type\":\"WebPage\",\"@id\":\"https:\/\/bearsbags.com\/shipping-policy\/\",\"url\":\"https:\/\/bearsbags.com\/shipping-policy\/\",\"name\":\"Shipping Policy - BearBags\",\"isPartOf\":{\"@id\":\"https:\/\/bearsbags.com\/#website\"},\"datePublished\":\"2024-07-03T15:15:28+00:00\",\"dateModified\":\"2024-08-19T23:42:10+00:00\",\"breadcrumb\":{\"@id\":\"https:\/\/bearsbags.com\/shipping-policy\/#breadcrumb\"},\"inLanguage\":\"fr-FR\",\"potentialAction\":[{\"@type\":\"ReadAction\",\"target\":[\"https:\/\/bearsbags.com\/shipping-policy\/\"]}]},{\"@type\":\"BreadcrumbList\",\"@id\":\"https:\/\/bearsbags.com\/shipping-policy\/#breadcrumb\",\"itemListElement\":[{\"@type\":\"ListItem\",\"position\":1,\"name\":\"Home\",\"item\":\"https:\/\/bearsbags.com\/\"},{\"@type\":\"ListItem\",\"position\":2,\"name\":\"Shipping Policy\"}]},{\"@type\":\"WebSite\",\"@id\":\"https:\/\/bearsbags.com\/#website\",\"url\":\"https:\/\/bearsbags.com\/\",\"name\":\"BearBags\",\"description\":\"Travel Backpacks |  Work Bags | Bearbags\",\"potentialAction\":[{\"@type\":\"SearchAction\",\"target\":{\"@type\":\"EntryPoint\",\"urlTemplate\":\"https:\/\/bearsbags.com\/?s={search_term_string}\"},\"query-input\":{\"@type\":\"PropertyValueSpecification\",\"valueRequired\":true,\"valueName\":\"search_term_string\"}}],\"inLanguage\":\"fr-FR\"}]}<\/script>\n<!-- \/ Yoast SEO plugin. -->","yoast_head_json":{"title":"Shipping Policy - BearBags","robots":{"index":"index","follow":"follow","max-snippet":"max-snippet:-1","max-image-preview":"max-image-preview:large","max-video-preview":"max-video-preview:-1"},"canonical":"https:\/\/bearsbags.com\/fr\/shipping-policy\/","og_locale":"fr_FR","og_type":"article","og_title":"Shipping Policy - BearBags","og_description":"HOW LONG WILL IT TAKE TO RECEIVE MY ORDER? U.S. ORDERS For orders from the United States, the average delivery time is 5 to 10 business days. Depending on the product ordered and your location.\u00a0For more information please contact us at\u00a0info@bearsbags.com. INTERNATIONAL ORDERS For international orders, the delivery time is 5 to 20 working days. Please be patient with international orders, as their delivery will inevitably take longer. Please allow 15 business days before contacting customer service:\u00a0info@bearsbags.com. SHIPPED FROM Please note that a large portion of our orders are shipped from our warehouse in China and a minority of products are shipped from the United States only for US customers. For more information please contact us by email at\u00a0info@bearsbags.com\u00a0and we will get back to you within 2 business days.","og_url":"https:\/\/bearsbags.com\/fr\/shipping-policy\/","og_site_name":"BearBags","article_modified_time":"2024-08-19T23:42:10+00:00","twitter_card":"summary_large_image","twitter_misc":{"Dur\u00e9e de lecture estim\u00e9e":"1 minute"},"schema":{"@context":"https:\/\/schema.org","@graph":[{"@type":"WebPage","@id":"https:\/\/bearsbags.com\/shipping-policy\/","url":"https:\/\/bearsbags.com\/shipping-policy\/","name":"Shipping Policy - BearBags","isPartOf":{"@id":"https:\/\/bearsbags.com\/#website"},"datePublished":"2024-07-03T15:15:28+00:00","dateModified":"2024-08-19T23:42:10+00:00","breadcrumb":{"@id":"https:\/\/bearsbags.com\/shipping-policy\/#breadcrumb"},"inLanguage":"fr-FR","potentialAction":[{"@type":"ReadAction","target":["https:\/\/bearsbags.com\/shipping-policy\/"]}]},{"@type":"BreadcrumbList","@id":"https:\/\/bearsbags.com\/shipping-policy\/#breadcrumb","itemListElement":[{"@type":"ListItem","position":1,"name":"Home","item":"https:\/\/bearsbags.com\/"},{"@type":"ListItem","position":2,"name":"Shipping Policy"}]},{"@type":"WebSite","@id":"https:\/\/bearsbags.com\/#website","url":"https:\/\/bearsbags.com\/","name":"BearBags","description":"Travel Backpacks |  Work Bags | Bearbags","potentialAction":[{"@type":"SearchAction","target":{"@type":"EntryPoint","urlTemplate":"https:\/\/bearsbags.com\/?s={search_term_string}"},"query-input":{"@type":"PropertyValueSpecification","valueRequired":true,"valueName":"search_term_string"}}],"inLanguage":"fr-FR"}]}},"_links":{"self":[{"href":"https:\/\/bearsbags.com\/fr\/wp-json\/wp\/v2\/pages\/21470","targetHints":{"allow":["GET"]}}],"collection":[{"href":"https:\/\/bearsbags.com\/fr\/wp-json\/wp\/v2\/pages"}],"about":[{"href":"https:\/\/bearsbags.com\/fr\/wp-json\/wp\/v2\/types\/page"}],"author":[{"embeddable":true,"href":"https:\/\/bearsbags.com\/fr\/wp-json\/wp\/v2\/users\/2"}],"replies":[{"embeddable":true,"href":"https:\/\/bearsbags.com\/fr\/wp-json\/wp\/v2\/comments?post=21470"}],"version-history":[{"count":3,"href":"https:\/\/bearsbags.com\/fr\/wp-json\/wp\/v2\/pages\/21470\/revisions"}],"predecessor-version":[{"id":23325,"href":"https:\/\/bearsbags.com\/fr\/wp-json\/wp\/v2\/pages\/21470\/revisions\/23325"}],"wp:attachment":[{"href":"https:\/\/bearsbags.com\/fr\/wp-json\/wp\/v2\/media?parent=21470"}],"curies":[{"name":"wp","href":"https:\/\/api.w.org\/{rel}","templated":true}]}}