{"id":21602,"date":"2024-07-07T00:03:46","date_gmt":"2024-07-07T00:03:46","guid":{"rendered":"https:\/\/bearsbags.com\/?page_id=21602"},"modified":"2024-07-09T10:58:34","modified_gmt":"2024-07-09T10:58:34","slug":"stop-fakes","status":"publish","type":"page","link":"https:\/\/bearsbags.com\/fr\/stop-fakes\/","title":{"rendered":"Signaler un faux"},"content":{"rendered":"<h3 class=\"wp-block-heading\">Protection de la marque et v\u00e9rit\u00e9 sur les faux<\/h3>\n\n\n\n<p class=\" translation-block\">Chez <strong>,Bear Bags<\/strong>,, nous sommes enti\u00e8rement engag\u00e9s \u00e0 offrir \u00e0 nos clients des produits et une exp\u00e9rience de la plus haute qualit\u00e9. Nous sommes conscients que des imitations de nos produits et de notre site web sont produites et vendues. Pour prot\u00e9ger \u00e0 la fois notre marque et nos pr\u00e9cieux clients, nous nous engageons \u00e0 traiter ces probl\u00e8mes et \u00e0 trouver des solutions durables.<\/p>\n\n\n\n<p>Si quelque chose semble trop beau pour \u00eatre vrai, c'est probablement le cas. Soyez prudent, car les produits imit\u00e9s peuvent co\u00fbter moins cher mais offrir \u00e9galement moins de qualit\u00e9. Vous ne recevrez pas les m\u00eames produits de haute qualit\u00e9, durables et le service client excellent que Bear Bags promet.<\/p>\n\n\n\n<p class=\" translation-block\">Les produits contrefaits sont un probl\u00e8me r\u00e9current, et <strong>Bear Bags<\/strong> en est affect\u00e9. Cependant, vous pouvez nous aider \u00e0 lutter contre cette activit\u00e9 ill\u00e9gale et \u00e0 prot\u00e9ger notre marque.<\/p>\n\n\n\n<h3 class=\"wp-block-heading\">Comment vous pouvez aider \u00e0 prot\u00e9ger la marque et \u00e9viter les produits contrefaits<\/h3>\n\n\n\n<p class=\" translation-block\">Les produits <strong>Bear Bags<\/strong> sont UNIQUEMENT vendus via notre site officiel (<a href=\"https:\/\/bearsbags.com\" target=\"_self\"><mark class=\"has-inline-color has-vivid-cyan-blue-color\">https:\/\/www.bearsbags.com<\/mark><\/a>) et lors des \u00e9v\u00e9nements que nous parrainons. Nous d\u00e9tenons des marques d\u00e9pos\u00e9es, des enregistrements et des brevets pour notre nom, nos logos, nos images et nos produits, et n'autorisons pas leur utilisation sur d'autres plateformes.<\/p>\n\n\n\n<p class=\" translation-block\">Si vous rencontrez un site web ou un individu proposant des produits contrefaits <strong>Bear Bags<\/strong>, veuillez nous contacter imm\u00e9diatement en utilisant le lien ci-dessous. Nous prenons ces questions tr\u00e8s au s\u00e9rieux et enqu\u00eaterons sur toute piste fournie par nos clients.<\/p>\n\n\n\n<p><a href=\"https:\/\/bearsbags.com\/fr\/contact-us\/\" data-type=\"link\" data-id=\"https:\/\/bearsbags.com\/contact-us\/\"><mark style=\"background-color:rgba(0, 0, 0, 0)\" class=\"has-inline-color has-vivid-cyan-blue-color\">Contacter Nous<\/mark><\/a><\/p>\n\n\n\n<p class=\" translation-block\">Merci pour votre soutien et votre vigilance dans la protection de <strong>Bear Bags<\/strong> !<\/p>","protected":false},"excerpt":{"rendered":"<p>Brand Protection and Truth Regarding Fakes At Bear Bags, we are 100% committed to providing our customers with the highest quality products and experience. We are aware that imitations of our products and our website are being produced and sold. To protect both our brand and our valued customers, we are dedicated to addressing these issues and finding long-term solutions. If something looks too good to be true, it probably is. Please be cautious, as imitation products may cost less but will also deliver less. You will not receive the same high-quality, durable products and excellent customer service that Bear Bags promises. Counterfeit products are an ongoing issue, and Bear Bags has been affected. However, you can help us combat this illegal activity and protect our brand. How You Can Help Protect the Brand &amp; Avoid Counterfeit Products Bear Bags products are ONLY sold through our official website (https:\/\/www.bearsbags.com) and at events we sponsor. We have trademarks, registrations, and patents for our name, logos, images, and products and do not authorize their use on other platforms. If you encounter a website or individual offering counterfeit Bear Bags products, please contact us immediately using the link below. We take these matters seriously and will investigate any leads provided by our customers. CONTACT US Thank you for your support and vigilance in protecting Bear Bags!<\/p>","protected":false},"author":2,"featured_media":0,"parent":0,"menu_order":0,"comment_status":"closed","ping_status":"closed","template":"","meta":{"footnotes":""},"class_list":["post-21602","page","type-page","status-publish","hentry","post-no-thumbnail"],"yoast_head":"<!-- This site is optimized with the Yoast SEO plugin v26.4 - https:\/\/yoast.com\/wordpress\/plugins\/seo\/ -->\n<title>Stop Fakes - BearBags<\/title>\n<meta name=\"robots\" content=\"index, follow, max-snippet:-1, max-image-preview:large, max-video-preview:-1\" \/>\n<link rel=\"canonical\" href=\"https:\/\/bearsbags.com\/fr\/stop-fakes\/\" \/>\n<meta property=\"og:locale\" content=\"fr_FR\" \/>\n<meta property=\"og:type\" content=\"article\" \/>\n<meta property=\"og:title\" content=\"Stop Fakes - BearBags\" \/>\n<meta property=\"og:description\" content=\"Brand Protection and Truth Regarding Fakes At Bear Bags, we are 100% committed to providing our customers with the highest quality products and experience. We are aware that imitations of our products and our website are being produced and sold. To protect both our brand and our valued customers, we are dedicated to addressing these issues and finding long-term solutions. If something looks too good to be true, it probably is. Please be cautious, as imitation products may cost less but will also deliver less. You will not receive the same high-quality, durable products and excellent customer service that Bear Bags promises. Counterfeit products are an ongoing issue, and Bear Bags has been affected. However, you can help us combat this illegal activity and protect our brand. How You Can Help Protect the Brand &amp; Avoid Counterfeit Products Bear Bags products are ONLY sold through our official website (https:\/\/www.bearsbags.com) and at events we sponsor. We have trademarks, registrations, and patents for our name, logos, images, and products and do not authorize their use on other platforms. If you encounter a website or individual offering counterfeit Bear Bags products, please contact us immediately using the link below. We take these matters seriously and will investigate any leads provided by our customers. CONTACT US Thank you for your support and vigilance in protecting Bear Bags!\" \/>\n<meta property=\"og:url\" content=\"https:\/\/bearsbags.com\/fr\/stop-fakes\/\" \/>\n<meta property=\"og:site_name\" content=\"BearBags\" \/>\n<meta property=\"article:modified_time\" content=\"2024-07-09T10:58:34+00:00\" \/>\n<meta name=\"twitter:card\" content=\"summary_large_image\" \/>\n<meta name=\"twitter:label1\" content=\"Dur\u00e9e de lecture estim\u00e9e\" \/>\n\t<meta name=\"twitter:data1\" content=\"1 minute\" \/>\n<script type=\"application\/ld+json\" class=\"yoast-schema-graph\">{\"@context\":\"https:\/\/schema.org\",\"@graph\":[{\"@type\":\"WebPage\",\"@id\":\"https:\/\/bearsbags.com\/stop-fakes\/\",\"url\":\"https:\/\/bearsbags.com\/stop-fakes\/\",\"name\":\"Stop Fakes - BearBags\",\"isPartOf\":{\"@id\":\"https:\/\/bearsbags.com\/#website\"},\"datePublished\":\"2024-07-07T00:03:46+00:00\",\"dateModified\":\"2024-07-09T10:58:34+00:00\",\"breadcrumb\":{\"@id\":\"https:\/\/bearsbags.com\/stop-fakes\/#breadcrumb\"},\"inLanguage\":\"fr-FR\",\"potentialAction\":[{\"@type\":\"ReadAction\",\"target\":[\"https:\/\/bearsbags.com\/stop-fakes\/\"]}]},{\"@type\":\"BreadcrumbList\",\"@id\":\"https:\/\/bearsbags.com\/stop-fakes\/#breadcrumb\",\"itemListElement\":[{\"@type\":\"ListItem\",\"position\":1,\"name\":\"Home\",\"item\":\"https:\/\/bearsbags.com\/\"},{\"@type\":\"ListItem\",\"position\":2,\"name\":\"Stop Fakes\"}]},{\"@type\":\"WebSite\",\"@id\":\"https:\/\/bearsbags.com\/#website\",\"url\":\"https:\/\/bearsbags.com\/\",\"name\":\"BearBags\",\"description\":\"Travel Backpacks |  Work Bags | Bearbags\",\"potentialAction\":[{\"@type\":\"SearchAction\",\"target\":{\"@type\":\"EntryPoint\",\"urlTemplate\":\"https:\/\/bearsbags.com\/?s={search_term_string}\"},\"query-input\":{\"@type\":\"PropertyValueSpecification\",\"valueRequired\":true,\"valueName\":\"search_term_string\"}}],\"inLanguage\":\"fr-FR\"}]}<\/script>\n<!-- \/ Yoast SEO plugin. -->","yoast_head_json":{"title":"Stop Fakes - BearBags","robots":{"index":"index","follow":"follow","max-snippet":"max-snippet:-1","max-image-preview":"max-image-preview:large","max-video-preview":"max-video-preview:-1"},"canonical":"https:\/\/bearsbags.com\/fr\/stop-fakes\/","og_locale":"fr_FR","og_type":"article","og_title":"Stop Fakes - BearBags","og_description":"Brand Protection and Truth Regarding Fakes At Bear Bags, we are 100% committed to providing our customers with the highest quality products and experience. We are aware that imitations of our products and our website are being produced and sold. To protect both our brand and our valued customers, we are dedicated to addressing these issues and finding long-term solutions. If something looks too good to be true, it probably is. Please be cautious, as imitation products may cost less but will also deliver less. You will not receive the same high-quality, durable products and excellent customer service that Bear Bags promises. Counterfeit products are an ongoing issue, and Bear Bags has been affected. However, you can help us combat this illegal activity and protect our brand. How You Can Help Protect the Brand &amp; Avoid Counterfeit Products Bear Bags products are ONLY sold through our official website (https:\/\/www.bearsbags.com) and at events we sponsor. We have trademarks, registrations, and patents for our name, logos, images, and products and do not authorize their use on other platforms. If you encounter a website or individual offering counterfeit Bear Bags products, please contact us immediately using the link below. We take these matters seriously and will investigate any leads provided by our customers. CONTACT US Thank you for your support and vigilance in protecting Bear Bags!","og_url":"https:\/\/bearsbags.com\/fr\/stop-fakes\/","og_site_name":"BearBags","article_modified_time":"2024-07-09T10:58:34+00:00","twitter_card":"summary_large_image","twitter_misc":{"Dur\u00e9e de lecture estim\u00e9e":"1 minute"},"schema":{"@context":"https:\/\/schema.org","@graph":[{"@type":"WebPage","@id":"https:\/\/bearsbags.com\/stop-fakes\/","url":"https:\/\/bearsbags.com\/stop-fakes\/","name":"Stop Fakes - BearBags","isPartOf":{"@id":"https:\/\/bearsbags.com\/#website"},"datePublished":"2024-07-07T00:03:46+00:00","dateModified":"2024-07-09T10:58:34+00:00","breadcrumb":{"@id":"https:\/\/bearsbags.com\/stop-fakes\/#breadcrumb"},"inLanguage":"fr-FR","potentialAction":[{"@type":"ReadAction","target":["https:\/\/bearsbags.com\/stop-fakes\/"]}]},{"@type":"BreadcrumbList","@id":"https:\/\/bearsbags.com\/stop-fakes\/#breadcrumb","itemListElement":[{"@type":"ListItem","position":1,"name":"Home","item":"https:\/\/bearsbags.com\/"},{"@type":"ListItem","position":2,"name":"Stop Fakes"}]},{"@type":"WebSite","@id":"https:\/\/bearsbags.com\/#website","url":"https:\/\/bearsbags.com\/","name":"BearBags","description":"Travel Backpacks |  Work Bags | Bearbags","potentialAction":[{"@type":"SearchAction","target":{"@type":"EntryPoint","urlTemplate":"https:\/\/bearsbags.com\/?s={search_term_string}"},"query-input":{"@type":"PropertyValueSpecification","valueRequired":true,"valueName":"search_term_string"}}],"inLanguage":"fr-FR"}]}},"_links":{"self":[{"href":"https:\/\/bearsbags.com\/fr\/wp-json\/wp\/v2\/pages\/21602","targetHints":{"allow":["GET"]}}],"collection":[{"href":"https:\/\/bearsbags.com\/fr\/wp-json\/wp\/v2\/pages"}],"about":[{"href":"https:\/\/bearsbags.com\/fr\/wp-json\/wp\/v2\/types\/page"}],"author":[{"embeddable":true,"href":"https:\/\/bearsbags.com\/fr\/wp-json\/wp\/v2\/users\/2"}],"replies":[{"embeddable":true,"href":"https:\/\/bearsbags.com\/fr\/wp-json\/wp\/v2\/comments?post=21602"}],"version-history":[{"count":2,"href":"https:\/\/bearsbags.com\/fr\/wp-json\/wp\/v2\/pages\/21602\/revisions"}],"predecessor-version":[{"id":21869,"href":"https:\/\/bearsbags.com\/fr\/wp-json\/wp\/v2\/pages\/21602\/revisions\/21869"}],"wp:attachment":[{"href":"https:\/\/bearsbags.com\/fr\/wp-json\/wp\/v2\/media?parent=21602"}],"curies":[{"name":"wp","href":"https:\/\/api.w.org\/{rel}","templated":true}]}}