{"id":21614,"date":"2024-07-07T00:10:23","date_gmt":"2024-07-07T00:10:23","guid":{"rendered":"https:\/\/bearsbags.com\/?page_id=21614"},"modified":"2024-08-19T21:02:56","modified_gmt":"2024-08-19T21:02:56","slug":"care-and-maintenance","status":"publish","type":"page","link":"https:\/\/bearsbags.com\/fr\/care-and-maintenance\/","title":{"rendered":"Entretien et maintenance"},"content":{"rendered":"<p>Pour garder votre sac <strong>Bear Bag<\/strong> en excellent \u00e9tat et garantir sa long\u00e9vit\u00e9, veuillez suivre ces conseils d'entretien :<\/p>\n\n\n\n<ul class=\"wp-block-list\">\n<li><strong>Lavage \u00e0 la main:<\/strong>Votre sac Bear Bag doit \u00eatre lav\u00e9 \u00e0 la main avec un d\u00e9tergent doux. Ne le mettez pas dans la machine \u00e0 laver.<\/li>\n\n\n\n<li><strong>S\u00e9chage \u00e0 l'air:<\/strong>Laissez votre sac<strong> Bear Bag<\/strong> s\u00e9cher \u00e0 l'air libre ; ne le mettez pas dans le s\u00e8che-linge.<\/li>\n\n\n\n<li><strong>D\u00e9tachage<\/strong>De nombreuses taches peuvent \u00eatre d\u00e9licatement \u00e9limin\u00e9es avec de l'alcool \u00e0 friction et un chiffon ou une brosse douce.<\/li>\n\n\n\n<li><strong>\u00c9filochage<\/strong>: L'\u00e9filochage se produit naturellement sur les extr\u00e9mit\u00e9s de la sangle molle en raison de l'utilisation et des facteurs environnementaux. Pour \u00e9viter d'endommager le sac, \u00e9liminez l'\u00e9filochage en coupant derri\u00e8re la zone \u00e9filoch\u00e9e et en faisant fondre les extr\u00e9mit\u00e9s de la sangle molle. Ne pas le faire peut entra\u00eener des dommages au sac \u00e0 dos, qui ne seront pas couverts par la garantie.<\/li>\n<\/ul>\n\n\n\n<p>Si vous avez des pr\u00e9occupations concernant nos produits, veuillez <a href=\"https:\/\/bearsbags.com\/fr\/contact-us\/\" data-type=\"link\" data-id=\"https:\/\/bearsbags.com\/contact-us\/\"><mark style=\"background-color:rgba(0, 0, 0, 0)\" class=\"has-inline-color has-vivid-cyan-blue-color\">nous contacter imm\u00e9diatement<\/mark><\/a><a href=\"\/fr\/info@bearsbags.com\/\">.<\/a> Un retard ou un \u00e9vitement pourrait annuler la garantie.<\/p>","protected":false},"excerpt":{"rendered":"<p>To keep your Bear Bag looking and lasting great, please follow these care and maintenance tips: If you have any concerns with our products, please reach out right away. Delaying or avoiding letting us know may void the warranty.<\/p>","protected":false},"author":2,"featured_media":0,"parent":0,"menu_order":0,"comment_status":"closed","ping_status":"closed","template":"","meta":{"footnotes":""},"class_list":["post-21614","page","type-page","status-publish","hentry","post-no-thumbnail"],"yoast_head":"<!-- This site is optimized with the Yoast SEO plugin v26.4 - https:\/\/yoast.com\/wordpress\/plugins\/seo\/ -->\n<title>Care And Maintenance - BearBags<\/title>\n<meta name=\"robots\" content=\"index, follow, max-snippet:-1, max-image-preview:large, max-video-preview:-1\" \/>\n<link rel=\"canonical\" href=\"https:\/\/bearsbags.com\/fr\/care-and-maintenance\/\" \/>\n<meta property=\"og:locale\" content=\"fr_FR\" \/>\n<meta property=\"og:type\" content=\"article\" \/>\n<meta property=\"og:title\" content=\"Care And Maintenance - BearBags\" \/>\n<meta property=\"og:description\" content=\"To keep your Bear Bag looking and lasting great, please follow these care and maintenance tips: If you have any concerns with our products, please reach out right away. Delaying or avoiding letting us know may void the warranty.\" \/>\n<meta property=\"og:url\" content=\"https:\/\/bearsbags.com\/fr\/care-and-maintenance\/\" \/>\n<meta property=\"og:site_name\" content=\"BearBags\" \/>\n<meta property=\"article:modified_time\" content=\"2024-08-19T21:02:56+00:00\" \/>\n<meta name=\"twitter:card\" content=\"summary_large_image\" \/>\n<meta name=\"twitter:label1\" content=\"Dur\u00e9e de lecture estim\u00e9e\" \/>\n\t<meta name=\"twitter:data1\" content=\"1 minute\" \/>\n<script type=\"application\/ld+json\" class=\"yoast-schema-graph\">{\"@context\":\"https:\/\/schema.org\",\"@graph\":[{\"@type\":\"WebPage\",\"@id\":\"https:\/\/bearsbags.com\/care-and-maintenance\/\",\"url\":\"https:\/\/bearsbags.com\/care-and-maintenance\/\",\"name\":\"Care And Maintenance - BearBags\",\"isPartOf\":{\"@id\":\"https:\/\/bearsbags.com\/#website\"},\"datePublished\":\"2024-07-07T00:10:23+00:00\",\"dateModified\":\"2024-08-19T21:02:56+00:00\",\"breadcrumb\":{\"@id\":\"https:\/\/bearsbags.com\/care-and-maintenance\/#breadcrumb\"},\"inLanguage\":\"fr-FR\",\"potentialAction\":[{\"@type\":\"ReadAction\",\"target\":[\"https:\/\/bearsbags.com\/care-and-maintenance\/\"]}]},{\"@type\":\"BreadcrumbList\",\"@id\":\"https:\/\/bearsbags.com\/care-and-maintenance\/#breadcrumb\",\"itemListElement\":[{\"@type\":\"ListItem\",\"position\":1,\"name\":\"Home\",\"item\":\"https:\/\/bearsbags.com\/\"},{\"@type\":\"ListItem\",\"position\":2,\"name\":\"Care And Maintenance\"}]},{\"@type\":\"WebSite\",\"@id\":\"https:\/\/bearsbags.com\/#website\",\"url\":\"https:\/\/bearsbags.com\/\",\"name\":\"BearBags\",\"description\":\"Travel Backpacks |  Work Bags | Bearbags\",\"potentialAction\":[{\"@type\":\"SearchAction\",\"target\":{\"@type\":\"EntryPoint\",\"urlTemplate\":\"https:\/\/bearsbags.com\/?s={search_term_string}\"},\"query-input\":{\"@type\":\"PropertyValueSpecification\",\"valueRequired\":true,\"valueName\":\"search_term_string\"}}],\"inLanguage\":\"fr-FR\"}]}<\/script>\n<!-- \/ Yoast SEO plugin. -->","yoast_head_json":{"title":"Care And Maintenance - BearBags","robots":{"index":"index","follow":"follow","max-snippet":"max-snippet:-1","max-image-preview":"max-image-preview:large","max-video-preview":"max-video-preview:-1"},"canonical":"https:\/\/bearsbags.com\/fr\/care-and-maintenance\/","og_locale":"fr_FR","og_type":"article","og_title":"Care And Maintenance - BearBags","og_description":"To keep your Bear Bag looking and lasting great, please follow these care and maintenance tips: If you have any concerns with our products, please reach out right away. Delaying or avoiding letting us know may void the warranty.","og_url":"https:\/\/bearsbags.com\/fr\/care-and-maintenance\/","og_site_name":"BearBags","article_modified_time":"2024-08-19T21:02:56+00:00","twitter_card":"summary_large_image","twitter_misc":{"Dur\u00e9e de lecture estim\u00e9e":"1 minute"},"schema":{"@context":"https:\/\/schema.org","@graph":[{"@type":"WebPage","@id":"https:\/\/bearsbags.com\/care-and-maintenance\/","url":"https:\/\/bearsbags.com\/care-and-maintenance\/","name":"Care And Maintenance - BearBags","isPartOf":{"@id":"https:\/\/bearsbags.com\/#website"},"datePublished":"2024-07-07T00:10:23+00:00","dateModified":"2024-08-19T21:02:56+00:00","breadcrumb":{"@id":"https:\/\/bearsbags.com\/care-and-maintenance\/#breadcrumb"},"inLanguage":"fr-FR","potentialAction":[{"@type":"ReadAction","target":["https:\/\/bearsbags.com\/care-and-maintenance\/"]}]},{"@type":"BreadcrumbList","@id":"https:\/\/bearsbags.com\/care-and-maintenance\/#breadcrumb","itemListElement":[{"@type":"ListItem","position":1,"name":"Home","item":"https:\/\/bearsbags.com\/"},{"@type":"ListItem","position":2,"name":"Care And Maintenance"}]},{"@type":"WebSite","@id":"https:\/\/bearsbags.com\/#website","url":"https:\/\/bearsbags.com\/","name":"BearBags","description":"Travel Backpacks |  Work Bags | Bearbags","potentialAction":[{"@type":"SearchAction","target":{"@type":"EntryPoint","urlTemplate":"https:\/\/bearsbags.com\/?s={search_term_string}"},"query-input":{"@type":"PropertyValueSpecification","valueRequired":true,"valueName":"search_term_string"}}],"inLanguage":"fr-FR"}]}},"_links":{"self":[{"href":"https:\/\/bearsbags.com\/fr\/wp-json\/wp\/v2\/pages\/21614","targetHints":{"allow":["GET"]}}],"collection":[{"href":"https:\/\/bearsbags.com\/fr\/wp-json\/wp\/v2\/pages"}],"about":[{"href":"https:\/\/bearsbags.com\/fr\/wp-json\/wp\/v2\/types\/page"}],"author":[{"embeddable":true,"href":"https:\/\/bearsbags.com\/fr\/wp-json\/wp\/v2\/users\/2"}],"replies":[{"embeddable":true,"href":"https:\/\/bearsbags.com\/fr\/wp-json\/wp\/v2\/comments?post=21614"}],"version-history":[{"count":4,"href":"https:\/\/bearsbags.com\/fr\/wp-json\/wp\/v2\/pages\/21614\/revisions"}],"predecessor-version":[{"id":23323,"href":"https:\/\/bearsbags.com\/fr\/wp-json\/wp\/v2\/pages\/21614\/revisions\/23323"}],"wp:attachment":[{"href":"https:\/\/bearsbags.com\/fr\/wp-json\/wp\/v2\/media?parent=21614"}],"curies":[{"name":"wp","href":"https:\/\/api.w.org\/{rel}","templated":true}]}}