{"id":3,"date":"2024-06-25T01:24:31","date_gmt":"2024-06-25T01:24:31","guid":{"rendered":"https:\/\/bearsbags.com\/?page_id=3"},"modified":"2024-07-04T19:07:18","modified_gmt":"2024-07-04T19:07:18","slug":"privacy-policy","status":"publish","type":"page","link":"https:\/\/bearsbags.com\/fr\/privacy-policy\/","title":{"rendered":"Politique de confidentialit\u00e9"},"content":{"rendered":"<p class=\" translation-block\">Bienvenue chez Bears Bags. Nous respectons votre vie priv\u00e9e et nous engageons \u00e0 prot\u00e9ger les informations personnelles que vous partagez avec nous. Cette Politique de Confidentialit\u00e9 explique comment nous collectons, utilisons, divulguons et prot\u00e9geons vos informations lorsque vous visitez notre site Web, <a href=\"https:\/\/bearsbags.com\" target=\"_self\"><strong><mark class=\"has-inline-color has-pale-cyan-blue-color\">https:\/\/www.bearsbags.com<\/mark><\/strong><\/a>, ou effectuez un achat dans notre boutique en ligne.<\/p>\n\n\n\n<h2 class=\"wp-block-heading\">Informations que nous recueillons<\/h2>\n\n\n\n<p>Nous pouvons recueillir les types d'informations suivants :<\/p>\n\n\n\n<h3 class=\"wp-block-heading\">Informations personnelles<\/h3>\n\n\n\n<ul class=\"wp-block-list\">\n<li class=\" translation-block\">Informations de contact : nom, adresse e-mail, num\u00e9ro de t\u00e9l\u00e9phone et adresse de livraison.<\/li>\n\n\n\n<li class=\" translation-block\">Informations de paiement : d\u00e9tails de la carte de cr\u00e9dit et adresse de facturation (trait\u00e9s via une passerelle de paiement s\u00e9curis\u00e9e).<\/li>\n<\/ul>\n\n\n\n<h3 class=\"wp-block-heading\">Informations non personnelles<\/h3>\n\n\n\n<ul class=\"wp-block-list\">\n<li class=\" translation-block\"><strong>Donn\u00e9es de journal<\/strong> : adresse IP, type de navigateur, pages de r\u00e9f\u00e9rence\/de sortie, et dates\/heures de vos visites.<\/li>\n\n\n\n<li class=\" translation-block\"><strong>Cookies et technologies similaires<\/strong> : informations sur votre comportement de navigation et vos pr\u00e9f\u00e9rences.<\/li>\n<\/ul>\n\n\n\n<h2 class=\"wp-block-heading\">Comment nous utilisons vos informations<\/h2>\n\n\n\n<p>Nous pouvons utiliser les informations que nous recueillons aupr\u00e8s de vous de la mani\u00e8re suivante :<\/p>\n\n\n\n<ul class=\"wp-block-list\">\n<li>Pour traiter et ex\u00e9cuter vos commandes, y compris l'envoi d'e-mails pour confirmer le statut de votre commande et l'exp\u00e9dition.<\/li>\n\n\n\n<li>Pour personnaliser votre exp\u00e9rience d'achat et r\u00e9pondre aux demandes de service client.<\/li>\n\n\n\n<li>Pour am\u00e9liorer notre site Web et nos services en analysant le comportement et les pr\u00e9f\u00e9rences des utilisateurs.<\/li>\n\n\n\n<li>Pour envoyer des e-mails p\u00e9riodiques concernant les promotions, les nouveaux produits et les mises \u00e0 jour, uniquement si vous avez choisi de recevoir de telles communications.<\/li>\n<\/ul>\n\n\n\n<h2 class=\"wp-block-heading\">Comment nous partageons vos informations<\/h2>\n\n\n\n<p>Nous ne vendons, n'\u00e9changeons ni ne transf\u00e9rons autrement vos informations personnelles \u00e0 des tiers, sauf dans les circonstances suivantes :<\/p>\n\n\n\n<ul class=\"wp-block-list\">\n<li class=\" translation-block\"><strong>Fournisseurs de services<\/strong> : Nous pouvons partager vos informations avec des fournisseurs de services tiers qui nous assistent dans le fonctionnement de notre site Web, la conduite de nos affaires ou le service client, \u00e0 condition que ces parties acceptent de garder ces informations confidentielles.<\/li>\n\n\n\n<li class=\" translation-block\"><strong>Exigences l\u00e9gales<\/strong> : Nous pouvons divulguer vos informations si la loi l'exige ou en r\u00e9ponse \u00e0 des demandes valides des autorit\u00e9s publiques (par exemple, un tribunal ou une agence gouvernementale).<\/li>\n<\/ul>\n\n\n\n<h2 class=\"wp-block-heading\">S\u00e9curit\u00e9 de vos informations<\/h2>\n\n\n\n<p>Nous mettons en \u0153uvre une vari\u00e9t\u00e9 de mesures de s\u00e9curit\u00e9 pour garantir la s\u00e9curit\u00e9 de vos informations personnelles lorsque vous passez une commande ou saisissez, soumettez ou acc\u00e9dez \u00e0 vos informations personnelles. Ces mesures incluent le cryptage SSL, des serveurs s\u00e9curis\u00e9s et d'autres protocoles de s\u00e9curit\u00e9 conformes aux normes de l'industrie.de notre part.<\/p>\n\n\n\n<h2 class=\"wp-block-heading\">Vos Droits<\/h2>\n\n\n\n<p>Vous avez le droit de :<\/p>\n\n\n\n<ul class=\"wp-block-list\">\n<li>Acc\u00e9der aux informations personnelles que nous d\u00e9tenons sur vous.<\/li>\n\n\n\n<li>Demander la correction des informations inexactes.<\/li>\n\n\n\n<li>Demander la suppression de vos informations personnelles.<\/li>\n\n\n\n<li>Vous d\u00e9sinscrire de la r\u00e9ception des communications marketing de notre part.<\/li>\n<\/ul>\n\n\n\n<p class=\" translation-block\">Pour exercer l'un de ces droits, veuillez nous contacter \u00e0 <a href=\"mailto:info@bearsbags.com\" target=\"_self\"><mark class=\"has-inline-color has-pale-cyan-blue-color\">info@bearsbags.com<\/mark><\/a>.<\/p>\n\n\n\n<h2 class=\"wp-block-heading\">Modifications de cette politique de confidentialit\u00e9<\/h2>\n\n\n\n<p>Nous pouvons mettre \u00e0 jour cette politique de confidentialit\u00e9 de temps \u00e0 autre. Les modifications seront publi\u00e9es sur cette page, et la date d'entr\u00e9e en vigueur sera mise \u00e0 jour en cons\u00e9quence. Nous vous encourageons \u00e0 consulter r\u00e9guli\u00e8rement cette politique de confidentialit\u00e9 pour rester inform\u00e9 sur la mani\u00e8re dont nous prot\u00e9geons vos informations.<\/p>\n\n\n\n<h2 class=\"wp-block-heading\">Contact<\/h2>\n\n\n\n<p>Si vous avez des questions concernant cette politique de confidentialit\u00e9, veuillez nous contacter \u00e0 :<\/p>\n\n\n\n<p class=\" translation-block\"><strong>Bears Bags<\/strong><br><strong>Email :<\/strong> <a href=\"mailto:info@bearsbags.com\" target=\"_self\"><mark class=\"has-inline-color has-pale-cyan-blue-color\">info@bearsbags.com<\/mark><\/a><br><strong>Adresse :<\/strong><br>41, Pra-Maillet<br>1627, Fribourg, District de Gruy\u00e8re, Vaulruz<br>Suisse, CH (CHE)<\/p>","protected":false},"excerpt":{"rendered":"<p>Welcome to Bears Bags. We respect your privacy and are committed to protecting the personal information you share with us. This Privacy Policy explains how we collect, use, disclose, and safeguard your information when you visit our website, https:\/\/www.bearsbags.com, or make a purchase from our online store. Information We Collect We may collect the following types of information: Personal Information Non-Personal Information How We Use Your Information We may use the information we collect from you in the following ways: How We Share Your Information We do not sell, trade, or otherwise transfer your personal information to outside parties except in the following circumstances: Security of Your Information We implement a variety of security measures to maintain the safety of your personal information when you place an order or enter, submit, or access your personal information. These measures include SSL encryption, secure servers, and other industry-standard security protocols. Your Rights You have the right to: To exercise any of these rights, please contact us at info@bearsbags.com. Changes to This Privacy Policy We may update this Privacy Policy from time to time. Any changes will be posted on this page, and the effective date will be updated accordingly. We encourage you to review this Privacy Policy periodically to stay informed about how we are protecting your information. Contact Us If you have any questions about this Privacy Policy, please contact us at: Bears BagsEmail: info@bearsbags.comAddress:41, Pra-Maillet1627, Fribourg, Gruy\u00e8re District, VaulruzSwitzerland, CH (CHE)<\/p>","protected":false},"author":1,"featured_media":0,"parent":0,"menu_order":0,"comment_status":"closed","ping_status":"open","template":"","meta":{"footnotes":""},"class_list":["post-3","page","type-page","status-publish","hentry","post-no-thumbnail"],"yoast_head":"<!-- This site is optimized with the Yoast SEO plugin v26.4 - https:\/\/yoast.com\/wordpress\/plugins\/seo\/ -->\n<title>Privacy Policy - BearBags<\/title>\n<meta name=\"robots\" content=\"index, follow, max-snippet:-1, max-image-preview:large, max-video-preview:-1\" \/>\n<link rel=\"canonical\" href=\"https:\/\/bearsbags.com\/fr\/privacy-policy\/\" \/>\n<meta property=\"og:locale\" content=\"fr_FR\" \/>\n<meta property=\"og:type\" content=\"article\" \/>\n<meta property=\"og:title\" content=\"Privacy Policy - BearBags\" \/>\n<meta property=\"og:description\" content=\"Welcome to Bears Bags. We respect your privacy and are committed to protecting the personal information you share with us. This Privacy Policy explains how we collect, use, disclose, and safeguard your information when you visit our website, https:\/\/www.bearsbags.com, or make a purchase from our online store. Information We Collect We may collect the following types of information: Personal Information Non-Personal Information How We Use Your Information We may use the information we collect from you in the following ways: How We Share Your Information We do not sell, trade, or otherwise transfer your personal information to outside parties except in the following circumstances: Security of Your Information We implement a variety of security measures to maintain the safety of your personal information when you place an order or enter, submit, or access your personal information. These measures include SSL encryption, secure servers, and other industry-standard security protocols. Your Rights You have the right to: To exercise any of these rights, please contact us at info@bearsbags.com. Changes to This Privacy Policy We may update this Privacy Policy from time to time. Any changes will be posted on this page, and the effective date will be updated accordingly. We encourage you to review this Privacy Policy periodically to stay informed about how we are protecting your information. Contact Us If you have any questions about this Privacy Policy, please contact us at: Bears BagsEmail: info@bearsbags.comAddress:41, Pra-Maillet1627, Fribourg, Gruy\u00e8re District, VaulruzSwitzerland, CH (CHE)\" \/>\n<meta property=\"og:url\" content=\"https:\/\/bearsbags.com\/fr\/privacy-policy\/\" \/>\n<meta property=\"og:site_name\" content=\"BearBags\" \/>\n<meta property=\"article:modified_time\" content=\"2024-07-04T19:07:18+00:00\" \/>\n<meta name=\"twitter:card\" content=\"summary_large_image\" \/>\n<meta name=\"twitter:label1\" content=\"Dur\u00e9e de lecture estim\u00e9e\" \/>\n\t<meta name=\"twitter:data1\" content=\"2 minutes\" \/>\n<script type=\"application\/ld+json\" class=\"yoast-schema-graph\">{\"@context\":\"https:\/\/schema.org\",\"@graph\":[{\"@type\":\"WebPage\",\"@id\":\"https:\/\/bearsbags.com\/privacy-policy\/\",\"url\":\"https:\/\/bearsbags.com\/privacy-policy\/\",\"name\":\"Privacy Policy - BearBags\",\"isPartOf\":{\"@id\":\"https:\/\/bearsbags.com\/#website\"},\"datePublished\":\"2024-06-25T01:24:31+00:00\",\"dateModified\":\"2024-07-04T19:07:18+00:00\",\"breadcrumb\":{\"@id\":\"https:\/\/bearsbags.com\/privacy-policy\/#breadcrumb\"},\"inLanguage\":\"fr-FR\",\"potentialAction\":[{\"@type\":\"ReadAction\",\"target\":[\"https:\/\/bearsbags.com\/privacy-policy\/\"]}]},{\"@type\":\"BreadcrumbList\",\"@id\":\"https:\/\/bearsbags.com\/privacy-policy\/#breadcrumb\",\"itemListElement\":[{\"@type\":\"ListItem\",\"position\":1,\"name\":\"Home\",\"item\":\"https:\/\/bearsbags.com\/\"},{\"@type\":\"ListItem\",\"position\":2,\"name\":\"Privacy Policy\"}]},{\"@type\":\"WebSite\",\"@id\":\"https:\/\/bearsbags.com\/#website\",\"url\":\"https:\/\/bearsbags.com\/\",\"name\":\"BearBags\",\"description\":\"Travel Backpacks |  Work Bags | Bearbags\",\"potentialAction\":[{\"@type\":\"SearchAction\",\"target\":{\"@type\":\"EntryPoint\",\"urlTemplate\":\"https:\/\/bearsbags.com\/?s={search_term_string}\"},\"query-input\":{\"@type\":\"PropertyValueSpecification\",\"valueRequired\":true,\"valueName\":\"search_term_string\"}}],\"inLanguage\":\"fr-FR\"}]}<\/script>\n<!-- \/ Yoast SEO plugin. -->","yoast_head_json":{"title":"Privacy Policy - BearBags","robots":{"index":"index","follow":"follow","max-snippet":"max-snippet:-1","max-image-preview":"max-image-preview:large","max-video-preview":"max-video-preview:-1"},"canonical":"https:\/\/bearsbags.com\/fr\/privacy-policy\/","og_locale":"fr_FR","og_type":"article","og_title":"Privacy Policy - BearBags","og_description":"Welcome to Bears Bags. We respect your privacy and are committed to protecting the personal information you share with us. This Privacy Policy explains how we collect, use, disclose, and safeguard your information when you visit our website, https:\/\/www.bearsbags.com, or make a purchase from our online store. Information We Collect We may collect the following types of information: Personal Information Non-Personal Information How We Use Your Information We may use the information we collect from you in the following ways: How We Share Your Information We do not sell, trade, or otherwise transfer your personal information to outside parties except in the following circumstances: Security of Your Information We implement a variety of security measures to maintain the safety of your personal information when you place an order or enter, submit, or access your personal information. These measures include SSL encryption, secure servers, and other industry-standard security protocols. Your Rights You have the right to: To exercise any of these rights, please contact us at info@bearsbags.com. Changes to This Privacy Policy We may update this Privacy Policy from time to time. Any changes will be posted on this page, and the effective date will be updated accordingly. We encourage you to review this Privacy Policy periodically to stay informed about how we are protecting your information. Contact Us If you have any questions about this Privacy Policy, please contact us at: Bears BagsEmail: info@bearsbags.comAddress:41, Pra-Maillet1627, Fribourg, Gruy\u00e8re District, VaulruzSwitzerland, CH (CHE)","og_url":"https:\/\/bearsbags.com\/fr\/privacy-policy\/","og_site_name":"BearBags","article_modified_time":"2024-07-04T19:07:18+00:00","twitter_card":"summary_large_image","twitter_misc":{"Dur\u00e9e de lecture estim\u00e9e":"2 minutes"},"schema":{"@context":"https:\/\/schema.org","@graph":[{"@type":"WebPage","@id":"https:\/\/bearsbags.com\/privacy-policy\/","url":"https:\/\/bearsbags.com\/privacy-policy\/","name":"Privacy Policy - BearBags","isPartOf":{"@id":"https:\/\/bearsbags.com\/#website"},"datePublished":"2024-06-25T01:24:31+00:00","dateModified":"2024-07-04T19:07:18+00:00","breadcrumb":{"@id":"https:\/\/bearsbags.com\/privacy-policy\/#breadcrumb"},"inLanguage":"fr-FR","potentialAction":[{"@type":"ReadAction","target":["https:\/\/bearsbags.com\/privacy-policy\/"]}]},{"@type":"BreadcrumbList","@id":"https:\/\/bearsbags.com\/privacy-policy\/#breadcrumb","itemListElement":[{"@type":"ListItem","position":1,"name":"Home","item":"https:\/\/bearsbags.com\/"},{"@type":"ListItem","position":2,"name":"Privacy Policy"}]},{"@type":"WebSite","@id":"https:\/\/bearsbags.com\/#website","url":"https:\/\/bearsbags.com\/","name":"BearBags","description":"Travel Backpacks |  Work Bags | Bearbags","potentialAction":[{"@type":"SearchAction","target":{"@type":"EntryPoint","urlTemplate":"https:\/\/bearsbags.com\/?s={search_term_string}"},"query-input":{"@type":"PropertyValueSpecification","valueRequired":true,"valueName":"search_term_string"}}],"inLanguage":"fr-FR"}]}},"_links":{"self":[{"href":"https:\/\/bearsbags.com\/fr\/wp-json\/wp\/v2\/pages\/3","targetHints":{"allow":["GET"]}}],"collection":[{"href":"https:\/\/bearsbags.com\/fr\/wp-json\/wp\/v2\/pages"}],"about":[{"href":"https:\/\/bearsbags.com\/fr\/wp-json\/wp\/v2\/types\/page"}],"author":[{"embeddable":true,"href":"https:\/\/bearsbags.com\/fr\/wp-json\/wp\/v2\/users\/1"}],"replies":[{"embeddable":true,"href":"https:\/\/bearsbags.com\/fr\/wp-json\/wp\/v2\/comments?post=3"}],"version-history":[{"count":5,"href":"https:\/\/bearsbags.com\/fr\/wp-json\/wp\/v2\/pages\/3\/revisions"}],"predecessor-version":[{"id":21530,"href":"https:\/\/bearsbags.com\/fr\/wp-json\/wp\/v2\/pages\/3\/revisions\/21530"}],"wp:attachment":[{"href":"https:\/\/bearsbags.com\/fr\/wp-json\/wp\/v2\/media?parent=3"}],"curies":[{"name":"wp","href":"https:\/\/api.w.org\/{rel}","templated":true}]}}