{"id":338,"date":"2021-11-26T09:41:38","date_gmt":"2021-11-26T09:41:38","guid":{"rendered":"https:\/\/bearsbags.com\/?page_id=338"},"modified":"2024-07-15T13:05:38","modified_gmt":"2024-07-15T13:05:38","slug":"contact-us","status":"publish","type":"page","link":"https:\/\/bearsbags.com\/fr\/contact-us\/","title":{"rendered":"Contact"},"content":{"rendered":"<div data-elementor-type=\"wp-page\" data-elementor-id=\"338\" class=\"elementor elementor-338\">\n\t\t\t\t\t\t<section class=\"elementor-section elementor-top-section elementor-element elementor-element-ce056b7 elementor-section-boxed elementor-section-gap-beside-yes elementor-section-height-default elementor-section-height-default elementor-section-column-vertical-align-stretch\" data-id=\"ce056b7\" data-element_type=\"section\">\n\t\t\t\t\t\t<div class=\"elementor-container elementor-column-gap-extended\">\n\t\t\t\t\t<div class=\"elementor-column elementor-col-100 elementor-top-column elementor-element elementor-element-038de5c\" data-id=\"038de5c\" data-element_type=\"column\">\n\t\t\t<div class=\"elementor-widget-wrap elementor-element-populated\">\n\t\t\t\t\t\t<div class=\"elementor-element elementor-element-93351a6 elementor-widget elementor-widget-tm-heading\" data-id=\"93351a6\" data-element_type=\"widget\" data-widget_type=\"tm-heading.default\">\n\t\t\t\t<div class=\"elementor-widget-container\">\n\t\t\t\t\t\t\t<div class=\"tm-modern-heading tm-modern-heading--style-03 tm-modern-heading--highlight-style-01\">\n\t\t\t\n\t\t\t\t\t<div class=\"heading-primary-wrap\">\n\t\t\t<h2 class=\"heading-primary elementor-heading-title\">Nous serions ravis d\u2019avoir de vos nouvelles.<\/h2>\t\t<\/div>\n\t\t\n\t\t\t\n\t\t\t\t\t<div class=\"heading-description-wrap\">\n\t\t\t<div class=\"heading-description\">\n\t\t\t\tSi vous avez de superbes produits \u00e0 proposer ou si vous souhaitez collaborer avec nous, n'h\u00e9sitez pas \u00e0 nous contacter.\t\t\t<\/div>\n\t\t<\/div>\n\t\t\t\t<\/div>\n\t\t\t\t\t\t<\/div>\n\t\t\t\t<\/div>\n\t\t\t\t<div class=\"elementor-element elementor-element-b7f1a70 minimog-wpforms-newsletter--yes minimog-wpforms-style-00 minimog-wpforms-dark elementor-widget elementor-widget-wpforms\" data-id=\"b7f1a70\" data-element_type=\"widget\" data-widget_type=\"wpforms.default\">\n\t\t\t\t<div class=\"elementor-widget-container\">\n\t\t\t\t\t<style id=\"wpforms-css-vars-elementor-widget-b7f1a70\">\n\t\t\t\t.elementor-widget-wpforms.elementor-element-b7f1a70 {\n\t\t\t\t--wpforms-button-background-color: #000000;\n--wpforms-field-size-input-height: 50px;\n--wpforms-field-size-input-spacing: 20px;\n--wpforms-field-size-font-size: 18px;\n--wpforms-field-size-line-height: 21px;\n--wpforms-field-size-padding-h: 14px;\n--wpforms-field-size-checkbox-size: 18px;\n--wpforms-field-size-sublabel-spacing: 10px;\n--wpforms-field-size-icon-size: 1.25;\n--wpforms-button-size-font-size: 20px;\n--wpforms-button-size-height: 48px;\n--wpforms-button-size-padding-h: 20px;\n--wpforms-button-size-margin-top: 15px;\n\t\t\t}\n\t\t\t<\/style><div class=\"wpforms-container wpforms-container-full wpforms-render-modern\" id=\"wpforms-351\"><form id=\"wpforms-form-351\" class=\"wpforms-validate wpforms-form wpforms-ajax-form\" data-formid=\"351\" method=\"post\" enctype=\"multipart\/form-data\" action=\"\/fr\/wp-json\/wp\/v2\/pages\/338\" data-token=\"495c0e2bbab9dd739d15d9a7c7fd2145\" data-token-time=\"1778998338\" data-trp-original-action=\"\/fr\/wp-json\/wp\/v2\/pages\/338\"><noscript class=\"wpforms-error-noscript\">Veuillez activer JavaScript dans votre navigateur pour remplir ce formulaire.<\/noscript><div id=\"wpforms-error-noscript\" style=\"display: none;\">Veuillez activer JavaScript dans votre navigateur pour remplir ce formulaire.<\/div><div class=\"wpforms-field-container\">\t\t<div class=\"newsletter-icon\"><i class=\"far fa-envelope\"><\/i><\/div>\n\t\t<div id=\"wpforms-351-field_0-container\" class=\"wpforms-field wpforms-field-name wpforms-one-half wpforms-first\" data-field-id=\"0\"><label class=\"wpforms-field-label wpforms-label-hide\" for=\"wpforms-351-field_0\" aria-hidden=\"false\">Name <span class=\"wpforms-required-label\" aria-hidden=\"true\">*<\/span><\/label><input type=\"text\" id=\"wpforms-351-field_0\" class=\"wpforms-field-large wpforms-field-required\" name=\"wpforms[fields][0]\" placeholder=\"Votre Nom\" aria-errormessage=\"wpforms-351-field_0-error\" required><\/div><div id=\"wpforms-351-field_1-container\" class=\"wpforms-field wpforms-field-email wpforms-one-half\" data-field-id=\"1\"><label class=\"wpforms-field-label wpforms-label-hide\" for=\"wpforms-351-field_1\" aria-hidden=\"false\">Email <span class=\"wpforms-required-label\" aria-hidden=\"true\">*<\/span><\/label><input type=\"email\" id=\"wpforms-351-field_1\" class=\"wpforms-field-large wpforms-field-required\" name=\"wpforms[fields][1]\" placeholder=\"Votre Email\" spellcheck=\"false\" aria-errormessage=\"wpforms-351-field_1-error\" required><\/div><div id=\"wpforms-351-field_2-container\" class=\"wpforms-field wpforms-field-textarea\" data-field-id=\"2\"><label class=\"wpforms-field-label wpforms-label-hide\" for=\"wpforms-351-field_2\" aria-hidden=\"false\">Comment or Message <span class=\"wpforms-required-label\" aria-hidden=\"true\">*<\/span><\/label><textarea id=\"wpforms-351-field_2\" class=\"wpforms-field-medium wpforms-field-required\" name=\"wpforms[fields][2]\" placeholder=\"Commentaire\" aria-errormessage=\"wpforms-351-field_2-error\" required><\/textarea><\/div><\/div><!-- .wpforms-field-container --><div class=\"wpforms-submit-container\" ><input type=\"hidden\" name=\"wpforms[id]\" value=\"351\"><input type=\"hidden\" name=\"page_title\" value=\"\"><input type=\"hidden\" name=\"page_url\" value=\"https:\/\/bearsbags.com\/fr\/wp-json\/wp\/v2\/pages\/338\"><input type=\"hidden\" name=\"url_referer\" value=\"\"><button type=\"submit\" name=\"wpforms[submit]\" id=\"wpforms-submit-351\" class=\"wpforms-submit\" aria-live=\"assertive\" value=\"wpforms-submit\">Envoyer  Message<\/button><img decoding=\"async\" src=\"https:\/\/bearsbags.com\/wp-content\/plugins\/wpforms-lite\/assets\/images\/submit-spin.svg\" class=\"wpforms-submit-spinner\" style=\"display: none;\" width=\"26\" height=\"26\" alt=\"Chargement en cours\"><\/div><input type=\"hidden\" name=\"trp-form-language\" value=\"fr\"\/><\/form><\/div>  <!-- .wpforms-container -->\t\t\t\t<\/div>\n\t\t\t\t<\/div>\n\t\t\t\t\t<\/div>\n\t\t<\/div>\n\t\t\t\t\t<\/div>\n\t\t<\/section>\n\t\t<div class=\"elementor-element elementor-element-190a612 e-flex e-con-boxed e-con e-parent\" data-id=\"190a612\" data-element_type=\"container\">\n\t\t\t\t\t<div class=\"e-con-inner\">\n\t\t\t\t<div class=\"elementor-element elementor-element-77d8a96 elementor-widget elementor-widget-heading\" data-id=\"77d8a96\" data-element_type=\"widget\" data-widget_type=\"heading.default\">\n\t\t\t\t<div class=\"elementor-widget-container\">\n\t\t\t\t\t<h4 class=\"elementor-heading-title elementor-size-default\">NOUS PROMETTONS D'\u00c9COUTER TOUTES LES DEMANDES, QUESTIONS ET COMMENTAIRES DE NOS CLIENTS<\/h4>\t\t\t\t<\/div>\n\t\t\t\t<\/div>\n\t\t\t\t<div class=\"elementor-element elementor-element-851ae61 elementor-widget elementor-widget-text-editor\" data-id=\"851ae61\" data-element_type=\"widget\" data-widget_type=\"text-editor.default\">\n\t\t\t\t<div class=\"elementor-widget-container\">\n\t\t\t\t\t\t\t\t\t<p style=\"text-align: center;\" class=\" translation-block\">Veuillez envoyer un seul e-mail, car plusieurs demandes pourraient retarder le d\u00e9lai de r\u00e9ponse. Assurez-vous \u00e9galement de consulter notre page<b> des questions fr\u00e9quentes,<\/b> <em><a href=\"https:\/\/bearsbags.com\/faqs\/\" target=\"_self\"><u><b>ici<\/b><\/u><\/a><\/em><a title=\"https:\/\/wolfpak.com\/pages\/faq\" href=\"https:\/\/wolfpak.com\/pages\/faq\" target=\"_self\">.<\/a><\/p><p style=\"text-align: center;\" class=\" translation-block\"><b>V\u00c9RIFIER MA COMMANDE,<\/b>\u00a0veuillez cliquer sur le lien&gt;\u00a0<em><a href=\"https:\/\/bearsbags.com\/track-my-order\/\" target=\"_self\"><b><u>ici<\/u><\/b><\/a><\/em><em>\u00a0&lt;<\/em>aucun e-mail suppl\u00e9mentaire n'est n\u00e9cessaire.\u00a0<\/p><p style=\"text-align: center;\" class=\" translation-block\"><b>CHANGER MA COMMANDE,<\/b>  ne passez pas une nouvelle commande ; faites-nous savoir ce que vous souhaitez modifier et nous le ferons pour vous.<\/p><p style=\"text-align: center;\" class=\" translation-block\"><b>LES CHANGEMENTS D'ADRESSE,<\/b> incluez votre nouvelle adresse dans l'e-mail que vous nous envoyez.<\/p><p style=\"text-align: center;\" class=\" translation-block\"><b>LES RETOURS<\/b>\u00a0, veuillez cliquer sur le lien&gt;\u00a0<em><b><u><a href=\"https:\/\/bearsbags.com\/refund_returns\/\" target=\"_self\">ici<\/a><\/u><\/b><\/em><em>\u00a0\u00a0<\/em>&lt;et commencer le processus de retour.<\/p>\t\t\t\t\t\t\t\t<\/div>\n\t\t\t\t<\/div>\n\t\t\t\t\t<\/div>\n\t\t\t\t<\/div>\n\t\t\t\t<\/div>","protected":false},"excerpt":{"rendered":"<p>We would love to hear from you. If you\u2019ve got great products your making or looking to work with us then drop us a line. Please enable JavaScript in your browser to complete this form.Please enable JavaScript in your browser to complete this form. Name *Email *Comment or Message * Send Message WE PROMISE TO LISTEN TO ALL CUSTOMER INQUIRIES, QUESTIONS AND FEEDBACK Please send only one email, as multiple request could delay response time. Make sure to also check out our Frequently Asked Questions page,\u00a0here.\u00a0\u00a0 CHECK MY ORDER\u00a0of your package please click on the link&gt;\u00a0here\u00a0&lt;no additional email is needed.\u00a0 CHANGE MY ORDER please do not place a new order, let us know what you want to change and we will do it for you. ADDRESS CHANGES have your new address listed in the email you send us.\u00a0 RETURNS\u00a0please click on the link&gt;\u00a0here\u00a0\u00a0&lt; and start your return process.\u00a0<\/p>","protected":false},"author":1,"featured_media":0,"parent":0,"menu_order":0,"comment_status":"closed","ping_status":"closed","template":"","meta":{"footnotes":""},"class_list":["post-338","page","type-page","status-publish","hentry","post-no-thumbnail"],"yoast_head":"<!-- This site is optimized with the Yoast SEO plugin v26.4 - https:\/\/yoast.com\/wordpress\/plugins\/seo\/ -->\n<title>Contact Us - BearBags<\/title>\n<meta name=\"robots\" content=\"index, follow, max-snippet:-1, max-image-preview:large, max-video-preview:-1\" \/>\n<link rel=\"canonical\" href=\"https:\/\/bearsbags.com\/fr\/contact-us\/\" \/>\n<meta property=\"og:locale\" content=\"fr_FR\" \/>\n<meta property=\"og:type\" content=\"article\" \/>\n<meta property=\"og:title\" content=\"Contact Us - BearBags\" \/>\n<meta property=\"og:description\" content=\"We would love to hear from you. If you\u2019ve got great products your making or looking to work with us then drop us a line. Please enable JavaScript in your browser to complete this form.Please enable JavaScript in your browser to complete this form. Name *Email *Comment or Message * Send Message WE PROMISE TO LISTEN TO ALL CUSTOMER INQUIRIES, QUESTIONS AND FEEDBACK Please send only one email, as multiple request could delay response time. Make sure to also check out our Frequently Asked Questions page,\u00a0here.\u00a0\u00a0 CHECK MY ORDER\u00a0of your package please click on the link&gt;\u00a0here\u00a0&lt;no additional email is needed.\u00a0 CHANGE MY ORDER please do not place a new order, let us know what you want to change and we will do it for you. ADDRESS CHANGES have your new address listed in the email you send us.\u00a0 RETURNS\u00a0please click on the link&gt;\u00a0here\u00a0\u00a0&lt; and start your return process.\u00a0\" \/>\n<meta property=\"og:url\" content=\"https:\/\/bearsbags.com\/fr\/contact-us\/\" \/>\n<meta property=\"og:site_name\" content=\"BearBags\" \/>\n<meta property=\"article:modified_time\" content=\"2024-07-15T13:05:38+00:00\" \/>\n<meta property=\"og:image\" content=\"https:\/\/bearsbags.com\/wp-content\/plugins\/wpforms-lite\/assets\/images\/submit-spin.svg\" \/>\n<meta name=\"twitter:card\" content=\"summary_large_image\" \/>\n<meta name=\"twitter:label1\" content=\"Dur\u00e9e de lecture estim\u00e9e\" \/>\n\t<meta name=\"twitter:data1\" content=\"1 minute\" \/>\n<script type=\"application\/ld+json\" class=\"yoast-schema-graph\">{\"@context\":\"https:\/\/schema.org\",\"@graph\":[{\"@type\":\"WebPage\",\"@id\":\"https:\/\/bearsbags.com\/contact-us\/\",\"url\":\"https:\/\/bearsbags.com\/contact-us\/\",\"name\":\"Contact Us - BearBags\",\"isPartOf\":{\"@id\":\"https:\/\/bearsbags.com\/#website\"},\"primaryImageOfPage\":{\"@id\":\"https:\/\/bearsbags.com\/contact-us\/#primaryimage\"},\"image\":{\"@id\":\"https:\/\/bearsbags.com\/contact-us\/#primaryimage\"},\"thumbnailUrl\":\"https:\/\/bearsbags.com\/wp-content\/plugins\/wpforms-lite\/assets\/images\/submit-spin.svg\",\"datePublished\":\"2021-11-26T09:41:38+00:00\",\"dateModified\":\"2024-07-15T13:05:38+00:00\",\"breadcrumb\":{\"@id\":\"https:\/\/bearsbags.com\/contact-us\/#breadcrumb\"},\"inLanguage\":\"fr-FR\",\"potentialAction\":[{\"@type\":\"ReadAction\",\"target\":[\"https:\/\/bearsbags.com\/contact-us\/\"]}]},{\"@type\":\"ImageObject\",\"inLanguage\":\"fr-FR\",\"@id\":\"https:\/\/bearsbags.com\/contact-us\/#primaryimage\",\"url\":\"https:\/\/bearsbags.com\/wp-content\/plugins\/wpforms-lite\/assets\/images\/submit-spin.svg\",\"contentUrl\":\"https:\/\/bearsbags.com\/wp-content\/plugins\/wpforms-lite\/assets\/images\/submit-spin.svg\"},{\"@type\":\"BreadcrumbList\",\"@id\":\"https:\/\/bearsbags.com\/contact-us\/#breadcrumb\",\"itemListElement\":[{\"@type\":\"ListItem\",\"position\":1,\"name\":\"Home\",\"item\":\"https:\/\/bearsbags.com\/\"},{\"@type\":\"ListItem\",\"position\":2,\"name\":\"Contact Us\"}]},{\"@type\":\"WebSite\",\"@id\":\"https:\/\/bearsbags.com\/#website\",\"url\":\"https:\/\/bearsbags.com\/\",\"name\":\"BearBags\",\"description\":\"Travel Backpacks |  Work Bags | Bearbags\",\"potentialAction\":[{\"@type\":\"SearchAction\",\"target\":{\"@type\":\"EntryPoint\",\"urlTemplate\":\"https:\/\/bearsbags.com\/?s={search_term_string}\"},\"query-input\":{\"@type\":\"PropertyValueSpecification\",\"valueRequired\":true,\"valueName\":\"search_term_string\"}}],\"inLanguage\":\"fr-FR\"}]}<\/script>\n<!-- \/ Yoast SEO plugin. -->","yoast_head_json":{"title":"Contact Us - BearBags","robots":{"index":"index","follow":"follow","max-snippet":"max-snippet:-1","max-image-preview":"max-image-preview:large","max-video-preview":"max-video-preview:-1"},"canonical":"https:\/\/bearsbags.com\/fr\/contact-us\/","og_locale":"fr_FR","og_type":"article","og_title":"Contact Us - BearBags","og_description":"We would love to hear from you. If you\u2019ve got great products your making or looking to work with us then drop us a line. Please enable JavaScript in your browser to complete this form.Please enable JavaScript in your browser to complete this form. Name *Email *Comment or Message * Send Message WE PROMISE TO LISTEN TO ALL CUSTOMER INQUIRIES, QUESTIONS AND FEEDBACK Please send only one email, as multiple request could delay response time. Make sure to also check out our Frequently Asked Questions page,\u00a0here.\u00a0\u00a0 CHECK MY ORDER\u00a0of your package please click on the link&gt;\u00a0here\u00a0&lt;no additional email is needed.\u00a0 CHANGE MY ORDER please do not place a new order, let us know what you want to change and we will do it for you. ADDRESS CHANGES have your new address listed in the email you send us.\u00a0 RETURNS\u00a0please click on the link&gt;\u00a0here\u00a0\u00a0&lt; and start your return process.\u00a0","og_url":"https:\/\/bearsbags.com\/fr\/contact-us\/","og_site_name":"BearBags","article_modified_time":"2024-07-15T13:05:38+00:00","og_image":[{"url":"https:\/\/bearsbags.com\/wp-content\/plugins\/wpforms-lite\/assets\/images\/submit-spin.svg","type":"","width":"","height":""}],"twitter_card":"summary_large_image","twitter_misc":{"Dur\u00e9e de lecture estim\u00e9e":"1 minute"},"schema":{"@context":"https:\/\/schema.org","@graph":[{"@type":"WebPage","@id":"https:\/\/bearsbags.com\/contact-us\/","url":"https:\/\/bearsbags.com\/contact-us\/","name":"Contact Us - BearBags","isPartOf":{"@id":"https:\/\/bearsbags.com\/#website"},"primaryImageOfPage":{"@id":"https:\/\/bearsbags.com\/contact-us\/#primaryimage"},"image":{"@id":"https:\/\/bearsbags.com\/contact-us\/#primaryimage"},"thumbnailUrl":"https:\/\/bearsbags.com\/wp-content\/plugins\/wpforms-lite\/assets\/images\/submit-spin.svg","datePublished":"2021-11-26T09:41:38+00:00","dateModified":"2024-07-15T13:05:38+00:00","breadcrumb":{"@id":"https:\/\/bearsbags.com\/contact-us\/#breadcrumb"},"inLanguage":"fr-FR","potentialAction":[{"@type":"ReadAction","target":["https:\/\/bearsbags.com\/contact-us\/"]}]},{"@type":"ImageObject","inLanguage":"fr-FR","@id":"https:\/\/bearsbags.com\/contact-us\/#primaryimage","url":"https:\/\/bearsbags.com\/wp-content\/plugins\/wpforms-lite\/assets\/images\/submit-spin.svg","contentUrl":"https:\/\/bearsbags.com\/wp-content\/plugins\/wpforms-lite\/assets\/images\/submit-spin.svg"},{"@type":"BreadcrumbList","@id":"https:\/\/bearsbags.com\/contact-us\/#breadcrumb","itemListElement":[{"@type":"ListItem","position":1,"name":"Home","item":"https:\/\/bearsbags.com\/"},{"@type":"ListItem","position":2,"name":"Contact Us"}]},{"@type":"WebSite","@id":"https:\/\/bearsbags.com\/#website","url":"https:\/\/bearsbags.com\/","name":"BearBags","description":"Travel Backpacks |  Work Bags | Bearbags","potentialAction":[{"@type":"SearchAction","target":{"@type":"EntryPoint","urlTemplate":"https:\/\/bearsbags.com\/?s={search_term_string}"},"query-input":{"@type":"PropertyValueSpecification","valueRequired":true,"valueName":"search_term_string"}}],"inLanguage":"fr-FR"}]}},"_links":{"self":[{"href":"https:\/\/bearsbags.com\/fr\/wp-json\/wp\/v2\/pages\/338","targetHints":{"allow":["GET"]}}],"collection":[{"href":"https:\/\/bearsbags.com\/fr\/wp-json\/wp\/v2\/pages"}],"about":[{"href":"https:\/\/bearsbags.com\/fr\/wp-json\/wp\/v2\/types\/page"}],"author":[{"embeddable":true,"href":"https:\/\/bearsbags.com\/fr\/wp-json\/wp\/v2\/users\/1"}],"replies":[{"embeddable":true,"href":"https:\/\/bearsbags.com\/fr\/wp-json\/wp\/v2\/comments?post=338"}],"version-history":[{"count":32,"href":"https:\/\/bearsbags.com\/fr\/wp-json\/wp\/v2\/pages\/338\/revisions"}],"predecessor-version":[{"id":21999,"href":"https:\/\/bearsbags.com\/fr\/wp-json\/wp\/v2\/pages\/338\/revisions\/21999"}],"wp:attachment":[{"href":"https:\/\/bearsbags.com\/fr\/wp-json\/wp\/v2\/media?parent=338"}],"curies":[{"name":"wp","href":"https:\/\/api.w.org\/{rel}","templated":true}]}}